{"id":505,"date":"2023-04-27T09:57:41","date_gmt":"2023-04-27T12:57:41","guid":{"rendered":"https:\/\/ciscoswitch.com.br\/?post_type=product&#038;p=505"},"modified":"2023-04-27T11:17:24","modified_gmt":"2023-04-27T14:17:24","slug":"access-point-2702","status":"publish","type":"product","link":"https:\/\/ciscoswitch.com.br\/index.php\/product\/access-point-2702\/","title":{"rendered":"Access Point &#8211; 2702"},"content":{"rendered":"<p>Ponto de acesso Cisco AIR-CAP1702I-Z-K9<\/p>\n<p>Especifica\u00e7\u00f5es T\u00e9cnicas:<br \/>\nProduct Code: AIR-CAP1702I-Z-K9<\/p>\n<p>Tipo: Ponto de<br \/>\nAcesso Marca: Cisco<br \/>\nModelo: AIR-CAP1702I-Z-K9<br \/>\nPot\u00eancia: 802.3af PoE | 802.3at PoE+ | PoE aprimorado | Injetores de pot\u00eancia | Pot\u00eancia local flex\u00edvel<\/p>\n","protected":false},"excerpt":{"rendered":"<p>Estado: Novo<br \/>\nMaximize sua conex\u00e3o<br \/>\nAtrav\u00e9s deste dispositivo voc\u00ea ser\u00e1 capaz de criar uma \u00e1rea local para projetar sinal Wi-Fi. Ideal para garantir a cobertura em grandes ambientes, como casas, escrit\u00f3rios e edif\u00edcios.<\/p>\n<p>Conex\u00e3o sem fio<br \/>\nCom este equipamento sem fio voc\u00ea poder\u00e1 se mover livremente em torno de sua casa ou escrit\u00f3rio e desfrutar da conex\u00e3o sem estar ciente dos fios.<\/p>\n<p>Mais velocidade<br \/>\nSe o que voc\u00ea precisa \u00e9 duma equipe que permita que execute suas tarefas di\u00e1rias sem demora, com uma velocidade de 867 Mbps este dispositivo \u00e9 perfeito para voc\u00ea.<\/p>\n<p>Grande alcance e estabilidade<br \/>\nFique sempre online! Com sua banda dupla voc\u00ea consegue maior alcance e melhor estabilidade de frequ\u00eancia.<\/p>\n","protected":false},"featured_media":506,"comment_status":"open","ping_status":"closed","template":"","meta":[],"product_brand":[],"product_cat":[27],"product_tag":[31],"class_list":{"0":"post-505","1":"product","2":"type-product","3":"status-publish","4":"has-post-thumbnail","6":"product_cat-access-point","7":"product_tag-access-point-2702","9":"first","10":"onbackorder","11":"featured","12":"sold-individually","13":"shipping-taxable","14":"purchasable","15":"product-type-simple"},"_links":{"self":[{"href":"https:\/\/ciscoswitch.com.br\/index.php\/wp-json\/wp\/v2\/product\/505","targetHints":{"allow":["GET"]}}],"collection":[{"href":"https:\/\/ciscoswitch.com.br\/index.php\/wp-json\/wp\/v2\/product"}],"about":[{"href":"https:\/\/ciscoswitch.com.br\/index.php\/wp-json\/wp\/v2\/types\/product"}],"replies":[{"embeddable":true,"href":"https:\/\/ciscoswitch.com.br\/index.php\/wp-json\/wp\/v2\/comments?post=505"}],"wp:featuredmedia":[{"embeddable":true,"href":"https:\/\/ciscoswitch.com.br\/index.php\/wp-json\/wp\/v2\/media\/506"}],"wp:attachment":[{"href":"https:\/\/ciscoswitch.com.br\/index.php\/wp-json\/wp\/v2\/media?parent=505"}],"wp:term":[{"taxonomy":"product_brand","embeddable":true,"href":"https:\/\/ciscoswitch.com.br\/index.php\/wp-json\/wp\/v2\/product_brand?post=505"},{"taxonomy":"product_cat","embeddable":true,"href":"https:\/\/ciscoswitch.com.br\/index.php\/wp-json\/wp\/v2\/product_cat?post=505"},{"taxonomy":"product_tag","embeddable":true,"href":"https:\/\/ciscoswitch.com.br\/index.php\/wp-json\/wp\/v2\/product_tag?post=505"}],"curies":[{"name":"wp","href":"https:\/\/api.w.org\/{rel}","templated":true}]}}